{"id":610,"date":"2026-04-21T11:21:56","date_gmt":"2026-04-21T09:21:56","guid":{"rendered":"https:\/\/pfotenzauber-fotografie.de\/?page_id=610"},"modified":"2026-04-21T15:15:26","modified_gmt":"2026-04-21T13:15:26","slug":"shootingpakete","status":"publish","type":"page","link":"https:\/\/pfotenzauber-fotografie.de\/index.php\/shootingpakete\/","title":{"rendered":"Shootingpakete"},"content":{"rendered":"\n<div class=\"wp-block-group alignfull has-black-color has-text-color has-background is-layout-flow wp-block-group-is-layout-flow\" style=\"background-color:#f3dbc0\">\n<div class=\"wp-block-columns is-layout-flex wp-container-core-columns-is-layout-28f84493 wp-block-columns-is-layout-flex\">\n<div class=\"wp-block-column is-vertically-aligned-center is-layout-flow wp-block-column-is-layout-flow\">\n<h2 class=\"wp-block-heading has-text-align-center has-text-color\" style=\"color:#785035\">Zauberhafte Seelen Paket &#8230;<\/h2>\n\n\n\n<p class=\"has-text-align-center has-text-color has-link-color has-x-small-font-size wp-elements-d8fb962b924495d90f7f3fdcd9c12f88\" style=\"color:#916443\">&#8230; f\u00e4ngt die besondere Ausstrahlung deines tierischen Lieblings in stimmungsvollen Portraits ein. In einer entspannten Atmosph\u00e4re entstehen liebevolle Aufnahmen, die die einzigartige Pers\u00f6nlichkeit deines Gef\u00e4hrten widerspiegeln. Perfekt, um wertvolle Erinnerungen f\u00fcr immer festzuhalten.<br><br>3 liebevoll &amp; hochwertig bearbeitete Bilder als digitale Dateien (in Originalgr\u00f6\u00dfe) <br>Weitere Lieblingsbilder: 20 \u20ac pro Bild <em>(ab 10 Bildern je 17 \u20ac)<\/em> <br>Fahrtkosten: 0,50 \u20ac pro km <\/p>\n\n\n\n<p class=\"has-text-align-center has-text-color has-link-color has-x-small-font-size wp-elements-ee2802e27c8863370f8d25e85a8a21e2\" style=\"color:#916443\"><\/p>\n<\/div>\n\n\n\n<div class=\"wp-block-column is-vertically-aligned-center is-layout-flow wp-block-column-is-layout-flow\" style=\"flex-basis:400px\">\n<figure class=\"wp-block-image size-full\"><img loading=\"lazy\" decoding=\"async\" width=\"1414\" height=\"1999\" src=\"https:\/\/pfotenzauber-fotografie.de\/wp-content\/uploads\/2026\/04\/Zauberhafte-Seelen_20251121_105640_0000.jpg\" alt=\"\" class=\"wp-image-662\" srcset=\"https:\/\/pfotenzauber-fotografie.de\/wp-content\/uploads\/2026\/04\/Zauberhafte-Seelen_20251121_105640_0000.jpg 1414w, https:\/\/pfotenzauber-fotografie.de\/wp-content\/uploads\/2026\/04\/Zauberhafte-Seelen_20251121_105640_0000-212x300.jpg 212w\" sizes=\"auto, (max-width: 1414px) 100vw, 1414px\" \/><\/figure>\n<\/div>\n<\/div>\n<\/div>\n\n\n\n<div class=\"wp-block-group alignfull has-black-color has-text-color has-background is-layout-flow wp-block-group-is-layout-flow\" style=\"background-color:#f3dbc0\">\n<div class=\"wp-block-columns is-layout-flex wp-container-core-columns-is-layout-28f84493 wp-block-columns-is-layout-flex\">\n<div class=\"wp-block-column is-vertically-aligned-center is-layout-flow wp-block-column-is-layout-flow\">\n<h2 class=\"wp-block-heading has-text-align-center has-text-color\" style=\"color:#785035\">Magische Fellnasen Paket &#8230;<\/h2>\n\n\n\n<p class=\"has-text-align-center has-text-color has-link-color has-x-small-font-size wp-elements-7dd2ac85628026f19515a015d76a2324\" style=\"color:#916443\">&#8230; bietet dir eine liebevoll gestaltete, vielseitige Auswahl an Motiven, die die besondere Pers\u00f6nlichkeit deines tierischen Begleiters hervorheben. In entspannter Atmosph\u00e4re entstehen abwechslungsreiche Aufnahmen, die nat\u00fcrliche Momente und kleine magische Details einfangen. Ideal, um dein Shooting mit wundervollen Erinnerungen zu f\u00fcllen.<br><br>5 liebevoll &amp; hochwertig bearbeitete Bilder als digitale Dateien (in Originalgr\u00f6\u00dfe) <br>Weitere Lieblingsbilder: 20 \u20ac pro Bild <em>(ab 10 Bildern je 17 \u20ac)<\/em> <br>Fahrtkosten: 0,50 \u20ac pro km <\/p>\n<\/div>\n\n\n\n<div class=\"wp-block-column is-vertically-aligned-center is-layout-flow wp-block-column-is-layout-flow\" style=\"flex-basis:400px\">\n<figure class=\"wp-block-image size-full\"><img loading=\"lazy\" decoding=\"async\" width=\"1414\" height=\"1999\" src=\"https:\/\/pfotenzauber-fotografie.de\/wp-content\/uploads\/2026\/04\/Magische-Fellnasen_20251121_105701_0000.jpg\" alt=\"\" class=\"wp-image-660\" srcset=\"https:\/\/pfotenzauber-fotografie.de\/wp-content\/uploads\/2026\/04\/Magische-Fellnasen_20251121_105701_0000.jpg 1414w, https:\/\/pfotenzauber-fotografie.de\/wp-content\/uploads\/2026\/04\/Magische-Fellnasen_20251121_105701_0000-212x300.jpg 212w\" sizes=\"auto, (max-width: 1414px) 100vw, 1414px\" \/><\/figure>\n<\/div>\n<\/div>\n<\/div>\n\n\n\n<div class=\"wp-block-group alignfull has-black-color has-text-color has-background is-layout-flow wp-block-group-is-layout-flow\" style=\"background-color:#f3dbc0\">\n<div class=\"wp-block-columns is-layout-flex wp-container-core-columns-is-layout-28f84493 wp-block-columns-is-layout-flex\">\n<div class=\"wp-block-column is-vertically-aligned-center is-layout-flow wp-block-column-is-layout-flow\">\n<h2 class=\"wp-block-heading has-text-align-center has-text-color\" style=\"color:#785035\">Fantastische Flauschpfoten Paket &#8230;<\/h2>\n\n\n\n<p class=\"has-text-align-center has-text-color has-link-color has-x-small-font-size wp-elements-3868e5614216ac250e2cae060a711afc\" style=\"color:#916443\">&#8230; ist die ideale Wahl, wenn du dir ein vielseitiges und lebendiges Shooting w\u00fcnschst \u2013 egal ob verschiedene Posen, kleine Serien oder mehrere Hunde einer Familie. Mit viel Geduld und einer ruhigen Atmosph\u00e4re entstehen nat\u00fcrliche, gef\u00fchlvolle Bilder, die jedes Detail eurer besonderen Verbindung sichtbar machen. So erh\u00e4ltst du eine vielf\u00e4ltige und stimmige Sammlung kostbarer Erinnerungen.<br><br>10 liebevoll &amp; hochwertig bearbeitete Bilder als digitale Dateien (in Originalgr\u00f6\u00dfe) <br>Weitere Lieblingsbilder: 20 \u20ac pro Bild <em>(ab 10 Bildern je 17 \u20ac)<\/em> <br>Fahrtkosten: 0,50 \u20ac pro km <\/p>\n<\/div>\n\n\n\n<div class=\"wp-block-column is-vertically-aligned-center is-layout-flow wp-block-column-is-layout-flow\" style=\"flex-basis:400px\">\n<figure class=\"wp-block-image size-full\"><img loading=\"lazy\" decoding=\"async\" width=\"1414\" height=\"1999\" src=\"https:\/\/pfotenzauber-fotografie.de\/wp-content\/uploads\/2026\/04\/Fantastische-Flauschpfoten_20251121_105651_0000.jpg\" alt=\"\" class=\"wp-image-661\" srcset=\"https:\/\/pfotenzauber-fotografie.de\/wp-content\/uploads\/2026\/04\/Fantastische-Flauschpfoten_20251121_105651_0000.jpg 1414w, https:\/\/pfotenzauber-fotografie.de\/wp-content\/uploads\/2026\/04\/Fantastische-Flauschpfoten_20251121_105651_0000-212x300.jpg 212w\" sizes=\"auto, (max-width: 1414px) 100vw, 1414px\" \/><\/figure>\n<\/div>\n<\/div>\n<\/div>\n\n\n\n<div class=\"wp-block-group alignfull has-black-color has-text-color has-background is-layout-flow wp-block-group-is-layout-flow\" style=\"background-color:#f3dbc0\">\n<div class=\"wp-block-columns is-layout-flex wp-container-core-columns-is-layout-28f84493 wp-block-columns-is-layout-flex\">\n<div class=\"wp-block-column is-vertically-aligned-center is-layout-flow wp-block-column-is-layout-flow\">\n<h2 class=\"wp-block-heading has-text-align-center has-text-color\" style=\"color:#785035\">Welpenmagie 1 Jahres Paket &#8230;<\/h2>\n\n\n\n<p class=\"has-text-align-center has-text-color has-link-color has-x-small-font-size wp-elements-b42d83d11e90a5a5a15d042935a70d21\" style=\"color:#916443\">&#8230; f\u00e4ngt die zauberhafte Reise eures kleinen Wirbelwinds durch das erste Lebensjahr ein \u2013 eine Zeit voller Neugier, Wachstum und unvergesslicher Momente. Bei jedem Termin entstehen liebevolle, ber\u00fchrende Aufnahmen, die zeigen, wie sich aus winzigem Welpengl\u00fcck Schritt f\u00fcr Schritt eine treue Seele entwickelt. So bewahrt ihr nicht nur Erinnerungen, sondern ein ganzes kleines Kapitel eurer gemeinsamen Geschichte f\u00fcr immer im Herzen.<br><br>3 Shooting-Termine im ersten Lebensjahr deiner Fellnase <br><strong>Preis pro Termin: 100 \u20ac<\/strong> <br>Je Termin: 6 liebevoll bearbeitete Bilder als digitale Dateien (in Originalgr\u00f6\u00dfe)<br>Nachbestellungen jederzeit m\u00f6glich: 20 \u20ac pro Bild <em>(ab 10 Bildern je 17 \u20ac)<\/em> <br>Fahrtkosten: 0,50 \u20ac pro km<\/p>\n\n\n\n<p class=\"has-text-align-center has-text-color has-link-color has-x-small-font-size wp-elements-ee2802e27c8863370f8d25e85a8a21e2\" style=\"color:#916443\"><\/p>\n\n\n\n<p class=\"has-text-align-center has-text-color has-link-color has-x-small-font-size wp-elements-6a80d8e97222b4561c94a96249babf20\" style=\"color:#916443\">F\u00fcr Z\u00fcchter biete ich auf Anfrage ein liebevoll abgestimmtes Wurf-Shooting an, das die ersten zauberhaften Schritte der kleinen Fellwunder festh\u00e4lt. Mit viel Geduld und Herz entstehen nat\u00fcrliche, zarte Aufnahmen, die die Einzigartigkeit jedes Welpen sichtbar machen und diesen besonderen Beginn ihres Lebens w\u00fcrdevoll dokumentieren.<\/p>\n<\/div>\n\n\n\n<div class=\"wp-block-column is-vertically-aligned-center is-layout-flow wp-block-column-is-layout-flow\" style=\"flex-basis:400px\">\n<figure class=\"wp-block-image size-full\"><img loading=\"lazy\" decoding=\"async\" width=\"1414\" height=\"1999\" src=\"https:\/\/pfotenzauber-fotografie.de\/wp-content\/uploads\/2026\/04\/Welpenmagie_20251121_105709_0000.jpg\" alt=\"\" class=\"wp-image-659\" srcset=\"https:\/\/pfotenzauber-fotografie.de\/wp-content\/uploads\/2026\/04\/Welpenmagie_20251121_105709_0000.jpg 1414w, https:\/\/pfotenzauber-fotografie.de\/wp-content\/uploads\/2026\/04\/Welpenmagie_20251121_105709_0000-212x300.jpg 212w\" sizes=\"auto, (max-width: 1414px) 100vw, 1414px\" \/><\/figure>\n<\/div>\n<\/div>\n<\/div>\n\n\n\n<div class=\"wp-block-group alignfull has-black-color has-text-color has-background is-layout-flow wp-block-group-is-layout-flow\" style=\"background-color:#f3dbc0\">\n<div class=\"wp-block-columns is-layout-flex wp-container-core-columns-is-layout-28f84493 wp-block-columns-is-layout-flex\">\n<div class=\"wp-block-column is-vertically-aligned-center is-layout-flow wp-block-column-is-layout-flow\">\n<h2 class=\"wp-block-heading has-text-align-center has-text-color\" style=\"color:#785035\">\u00dcbersicht<\/h2>\n\n\n\n<p class=\"has-text-align-center has-text-color has-link-color has-x-small-font-size wp-elements-6c7a2cb009e2948da0fae8b4f8c059c6\" style=\"color:#916443\">Bei Interesse oder Fragen meldet euch gerne \ud83d\ude42<\/p>\n<\/div>\n\n\n\n<div class=\"wp-block-column is-vertically-aligned-center is-layout-flow wp-block-column-is-layout-flow\" style=\"flex-basis:400px\">\n<figure class=\"wp-block-image size-full\"><img loading=\"lazy\" decoding=\"async\" width=\"1414\" height=\"1999\" src=\"https:\/\/pfotenzauber-fotografie.de\/wp-content\/uploads\/2026\/04\/Paketuebersicht_20251121_111933_0000.jpg\" alt=\"\" class=\"wp-image-606\" srcset=\"https:\/\/pfotenzauber-fotografie.de\/wp-content\/uploads\/2026\/04\/Paketuebersicht_20251121_111933_0000.jpg 1414w, https:\/\/pfotenzauber-fotografie.de\/wp-content\/uploads\/2026\/04\/Paketuebersicht_20251121_111933_0000-212x300.jpg 212w\" sizes=\"auto, (max-width: 1414px) 100vw, 1414px\" \/><\/figure>\n<\/div>\n<\/div>\n<\/div>\n","protected":false},"excerpt":{"rendered":"<p>Zauberhafte Seelen Paket &#8230; &#8230; f\u00e4ngt die besondere Ausstrahlung deines tierischen Lieblings in stimmungsvollen Portraits ein. In einer entspannten Atmosph\u00e4re entstehen liebevolle Aufnahmen, die die einzigartige Pers\u00f6nlichkeit deines Gef\u00e4hrten widerspiegeln. Perfekt, um wertvolle Erinnerungen f\u00fcr immer festzuhalten. 3 liebevoll &amp; hochwertig bearbeitete Bilder als digitale Dateien (in Originalgr\u00f6\u00dfe) Weitere Lieblingsbilder: 20 \u20ac pro Bild (ab &hellip; <\/p>\n<p class=\"link-more\"><a href=\"https:\/\/pfotenzauber-fotografie.de\/index.php\/shootingpakete\/\" class=\"more-link\">Mehr <span class=\"screen-reader-text\">\u00fcber &#8222;Shootingpakete&#8220; <\/span>Lesen<\/a><\/p>\n","protected":false},"author":2,"featured_media":664,"parent":0,"menu_order":0,"comment_status":"closed","ping_status":"closed","template":"","meta":{"footnotes":""},"class_list":["post-610","page","type-page","status-publish","has-post-thumbnail","hentry"],"_links":{"self":[{"href":"https:\/\/pfotenzauber-fotografie.de\/index.php\/wp-json\/wp\/v2\/pages\/610","targetHints":{"allow":["GET"]}}],"collection":[{"href":"https:\/\/pfotenzauber-fotografie.de\/index.php\/wp-json\/wp\/v2\/pages"}],"about":[{"href":"https:\/\/pfotenzauber-fotografie.de\/index.php\/wp-json\/wp\/v2\/types\/page"}],"author":[{"embeddable":true,"href":"https:\/\/pfotenzauber-fotografie.de\/index.php\/wp-json\/wp\/v2\/users\/2"}],"replies":[{"embeddable":true,"href":"https:\/\/pfotenzauber-fotografie.de\/index.php\/wp-json\/wp\/v2\/comments?post=610"}],"version-history":[{"count":5,"href":"https:\/\/pfotenzauber-fotografie.de\/index.php\/wp-json\/wp\/v2\/pages\/610\/revisions"}],"predecessor-version":[{"id":688,"href":"https:\/\/pfotenzauber-fotografie.de\/index.php\/wp-json\/wp\/v2\/pages\/610\/revisions\/688"}],"wp:featuredmedia":[{"embeddable":true,"href":"https:\/\/pfotenzauber-fotografie.de\/index.php\/wp-json\/wp\/v2\/media\/664"}],"wp:attachment":[{"href":"https:\/\/pfotenzauber-fotografie.de\/index.php\/wp-json\/wp\/v2\/media?parent=610"}],"curies":[{"name":"wp","href":"https:\/\/api.w.org\/{rel}","templated":true}]}}